{"id":5121,"date":"2021-05-07T14:35:08","date_gmt":"2021-05-07T17:35:08","guid":{"rendered":"https:\/\/tritransportes.com.br\/novo\/?page_id=5121"},"modified":"2025-05-04T12:36:54","modified_gmt":"2025-05-04T15:36:54","slug":"servicos-2","status":"publish","type":"page","link":"https:\/\/tritransportes.com.br\/novo\/servicos-2\/","title":{"rendered":"Servi\u00e7os"},"content":{"rendered":"\t\t<div data-elementor-type=\"wp-page\" data-elementor-id=\"5121\" class=\"elementor elementor-5121\" data-elementor-post-type=\"page\">\n\t\t\t\t\t\t<section class=\"elementor-section elementor-top-section elementor-element elementor-element-71536cc elementor-section-full_width elementor-section-height-default elementor-section-height-default\" data-id=\"71536cc\" data-element_type=\"section\">\n\t\t\t\t\t\t<div class=\"elementor-container elementor-column-gap-default\">\n\t\t\t\t\t<div class=\"elementor-column elementor-col-50 elementor-top-column elementor-element elementor-element-c073aa4\" data-id=\"c073aa4\" data-element_type=\"column\">\n\t\t\t<div class=\"elementor-widget-wrap elementor-element-populated\">\n\t\t\t\t\t\t<div class=\"elementor-element elementor-element-219aa3c elementor-widget elementor-widget-heading\" data-id=\"219aa3c\" data-element_type=\"widget\" data-widget_type=\"heading.default\">\n\t\t\t\t<div class=\"elementor-widget-container\">\n\t\t\t\t\t<h2 class=\"elementor-heading-title elementor-size-default\">(011) 3961-3907<\/h2>\t\t\t\t<\/div>\n\t\t\t\t<\/div>\n\t\t\t\t\t<\/div>\n\t\t<\/div>\n\t\t\t\t<div class=\"elementor-column elementor-col-50 elementor-top-column elementor-element elementor-element-03643ca\" data-id=\"03643ca\" data-element_type=\"column\">\n\t\t\t<div class=\"elementor-widget-wrap elementor-element-populated\">\n\t\t\t\t\t\t<div class=\"elementor-element elementor-element-6e116c5 elementor-shape-rounded elementor-grid-0 e-grid-align-center elementor-widget elementor-widget-social-icons\" data-id=\"6e116c5\" data-element_type=\"widget\" data-widget_type=\"social-icons.default\">\n\t\t\t\t<div class=\"elementor-widget-container\">\n\t\t\t\t\t\t\t<div class=\"elementor-social-icons-wrapper elementor-grid\" role=\"list\">\n\t\t\t\t\t\t\t<span class=\"elementor-grid-item\" role=\"listitem\">\n\t\t\t\t\t<a class=\"elementor-icon elementor-social-icon elementor-social-icon-facebook elementor-repeater-item-98d7ef0\" href=\"https:\/\/www.facebook.com\/tritransporte\" target=\"_blank\">\n\t\t\t\t\t\t<span class=\"elementor-screen-only\">Facebook<\/span>\n\t\t\t\t\t\t<i class=\"fab fa-facebook\"><\/i>\t\t\t\t\t<\/a>\n\t\t\t\t<\/span>\n\t\t\t\t\t\t\t<span class=\"elementor-grid-item\" role=\"listitem\">\n\t\t\t\t\t<a class=\"elementor-icon elementor-social-icon elementor-social-icon-youtube elementor-repeater-item-39d13f6\" href=\"https:\/\/www.youtube.com\/channel\/UCz827JH9PcxR7An7A470WGA\" target=\"_blank\">\n\t\t\t\t\t\t<span class=\"elementor-screen-only\">Youtube<\/span>\n\t\t\t\t\t\t<i class=\"fab fa-youtube\"><\/i>\t\t\t\t\t<\/a>\n\t\t\t\t<\/span>\n\t\t\t\t\t\t\t<span class=\"elementor-grid-item\" role=\"listitem\">\n\t\t\t\t\t<a class=\"elementor-icon elementor-social-icon elementor-social-icon-instagram elementor-repeater-item-1676d5c\" href=\"https:\/\/www.instagram.com\/tritransportes\/\" target=\"_blank\">\n\t\t\t\t\t\t<span class=\"elementor-screen-only\">Instagram<\/span>\n\t\t\t\t\t\t<i class=\"fab fa-instagram\"><\/i>\t\t\t\t\t<\/a>\n\t\t\t\t<\/span>\n\t\t\t\t\t\t\t<span class=\"elementor-grid-item\" role=\"listitem\">\n\t\t\t\t\t<a class=\"elementor-icon elementor-social-icon elementor-social-icon-whatsapp elementor-repeater-item-b8d41eb\" href=\"https:\/\/api.whatsapp.com\/send?phone=551139613907&#038;text=Site%20-%20Tri%20Transportes\" target=\"_blank\">\n\t\t\t\t\t\t<span class=\"elementor-screen-only\">Whatsapp<\/span>\n\t\t\t\t\t\t<i class=\"fab fa-whatsapp\"><\/i>\t\t\t\t\t<\/a>\n\t\t\t\t<\/span>\n\t\t\t\t\t<\/div>\n\t\t\t\t\t\t<\/div>\n\t\t\t\t<\/div>\n\t\t\t\t\t<\/div>\n\t\t<\/div>\n\t\t\t\t\t<\/div>\n\t\t<\/section>\n\t\t\t\t<section class=\"elementor-section elementor-top-section elementor-element elementor-element-b9528b6 elementor-section-boxed elementor-section-height-default elementor-section-height-default\" data-id=\"b9528b6\" data-element_type=\"section\">\n\t\t\t\t\t\t<div class=\"elementor-container elementor-column-gap-default\">\n\t\t\t\t\t<div class=\"elementor-column elementor-col-100 elementor-top-column elementor-element elementor-element-5026301\" data-id=\"5026301\" data-element_type=\"column\">\n\t\t\t<div class=\"elementor-widget-wrap elementor-element-populated\">\n\t\t\t\t\t\t<div class=\"elementor-element elementor-element-6ad1370 elementor-widget elementor-widget-heading\" data-id=\"6ad1370\" data-element_type=\"widget\" data-widget_type=\"heading.default\">\n\t\t\t\t<div class=\"elementor-widget-container\">\n\t\t\t\t\t<h2 class=\"elementor-heading-title elementor-size-default\">Transporte\/ Remo\u00e7\u00e3o\/ i\u00e7amento\/ armazenagem\/ fixa\u00e7\u00e3o\/ log\u00edstica\n\nCaminh\u00e3o ba\u00fa com plataforma elevat\u00f3ria \/ munck \/ guindaste<\/h2>\t\t\t\t<\/div>\n\t\t\t\t<\/div>\n\t\t\t\t\t<\/div>\n\t\t<\/div>\n\t\t\t\t\t<\/div>\n\t\t<\/section>\n\t\t\t\t<section class=\"elementor-section elementor-top-section elementor-element elementor-element-7551f09 elementor-section-boxed elementor-section-height-default elementor-section-height-default\" data-id=\"7551f09\" data-element_type=\"section\">\n\t\t\t\t\t\t<div class=\"elementor-container elementor-column-gap-default\">\n\t\t\t\t\t<div class=\"elementor-column elementor-col-50 elementor-top-column elementor-element elementor-element-8cb0752\" data-id=\"8cb0752\" data-element_type=\"column\">\n\t\t\t<div class=\"elementor-widget-wrap elementor-element-populated\">\n\t\t\t\t\t\t<div class=\"elementor-element elementor-element-4e3eaa8 elementor-widget elementor-widget-text-editor\" data-id=\"4e3eaa8\" data-element_type=\"widget\" data-widget_type=\"text-editor.default\">\n\t\t\t\t<div class=\"elementor-widget-container\">\n\t\t\t\t\t\t\t\t\t<p>Transporte Sens\u00edvel e Pesado<\/p><p>Caminh\u00e3o Ba\u00fa com Plataforma Elevat\u00f3ria, \u00e9 o nosso foco para o transporte sens\u00edvel e pesado.<br \/>Carregando em sua bagagem anos de experi\u00eancia no ramo de Transporte Rodovi\u00e1rio a Tri Transportes hoje \u00e9 reconhecida no mercado por atender cliente de diversos setores, pela qualidade e diversidade de servi\u00e7os que a empresa oferece.<\/p><p>Em Primeiro lugar oferecemos aos cliente o ve\u00edculo certo para sua demanda, ou seja, ve\u00edculo Utilit\u00e1rio, Caminh\u00e3o Ba\u00fa com Plataforma Elevat\u00f3ria, Caminh\u00e3o Munck com diversas capacidades e dimens\u00f5es.<\/p><p>Al\u00e9m disso oferecemos todo o ferramental para a movimenta\u00e7\u00e3o da sua carga at\u00e9 o ve\u00edculo ou at\u00e9 o local de descarregamento, independentemente do obst\u00e1culo no percurso.<br \/>Possu\u00edmos todo o material para prote\u00e7\u00e3o da carga seja simples ou mais complexa.<br \/>Trabalhamos com funcion\u00e1rios altamente treinados e capacitados para transportar, remover e i\u00e7ar equipamentos diversos.<br \/>A Tri Transportes tamb\u00e9m possu\u00ed um amplo galp\u00e3o coberto para Armazenagem e Cross Docking.<\/p><p><span style=\"text-decoration: underline;\"><em><strong>Al\u00e9m do mais transportamos equipamentos Hospitar, Moveleiro, Tecnologia, Promocionais, Cosm\u00e9ticos e Higiene Pessoal, Automa\u00e7\u00e3o Banc\u00e1ria, Aliment\u00edcio, materiais e equipamentos de Constru\u00e7\u00e3o e Engenharia.<\/strong><\/em><\/span><\/p><p><strong>Saiba mais:<\/strong><\/p><p>Entre em contato com a Tri Transportes para solicitar os melhores servi\u00e7os de armazenagem e distribui\u00e7\u00e3o de cargas em todo o Brasil.<br \/>Telefone para contato: (11) 3961-3907 ou entre em contato via e-mail:<br \/>contato@tritransportes.com.br \/ comercial@tritransportes.com.br<\/p>\t\t\t\t\t\t\t\t<\/div>\n\t\t\t\t<\/div>\n\t\t\t\t\t<\/div>\n\t\t<\/div>\n\t\t\t\t<div class=\"elementor-column elementor-col-50 elementor-top-column elementor-element elementor-element-84cd7af\" data-id=\"84cd7af\" data-element_type=\"column\">\n\t\t\t<div class=\"elementor-widget-wrap elementor-element-populated\">\n\t\t\t\t\t\t<div class=\"elementor-element elementor-element-12c405b elementor-widget elementor-widget-wp-widget-nav_menu\" data-id=\"12c405b\" data-element_type=\"widget\" data-widget_type=\"wp-widget-nav_menu.default\">\n\t\t\t\t<div class=\"elementor-widget-container\">\n\t\t\t\t\t<nav class=\"menu-sub-menu-2021-container\" aria-label=\"Menu\"><ul id=\"menu-sub-menu-2021\" class=\"menu\"><li id=\"menu-item-5179\" class=\"menu-item menu-item-type-post_type menu-item-object-page menu-item-5179\"><a href=\"https:\/\/tritransportes.com.br\/novo\/transporte-e-fixacao-de-cofres\/\" class=\"menu-link\">Transporte e fixa\u00e7\u00e3o de cofres<\/a><\/li>\n<li id=\"menu-item-6209\" class=\"menu-item menu-item-type-post_type menu-item-object-page menu-item-6209\"><a href=\"https:\/\/tritransportes.com.br\/novo\/descarte-descaracterizacao\/\" class=\"menu-link\">Descarte\/Descaracteriza\u00e7\u00e3o<\/a><\/li>\n<li id=\"menu-item-5185\" class=\"menu-item menu-item-type-post_type menu-item-object-page menu-item-5185\"><a href=\"https:\/\/tritransportes.com.br\/novo\/transporte-pesado\/\" class=\"menu-link\">Transporte pesado e automa\u00e7\u00e3o banc\u00e1ria<\/a><\/li>\n<li id=\"menu-item-5181\" class=\"menu-item menu-item-type-post_type menu-item-object-page menu-item-5181\"><a href=\"https:\/\/tritransportes.com.br\/novo\/remocao-de-equipamentos\/\" class=\"menu-link\">Remo\u00e7\u00e3o de equipamentos<\/a><\/li>\n<li id=\"menu-item-5178\" class=\"menu-item menu-item-type-post_type menu-item-object-page menu-item-5178\"><a href=\"https:\/\/tritransportes.com.br\/novo\/caminhao-bau-com-plataforma-elevatoria-2\/\" class=\"menu-link\">Caminh\u00e3o Ba\u00fa com Plataforma Elevat\u00f3ria<\/a><\/li>\n<li id=\"menu-item-5188\" class=\"menu-item menu-item-type-post_type menu-item-object-page menu-item-5188\"><a href=\"https:\/\/tritransportes.com.br\/novo\/transporte-de-transformador\/\" class=\"menu-link\">Transporte de Transformador<\/a><\/li>\n<li id=\"menu-item-5180\" class=\"menu-item menu-item-type-post_type menu-item-object-page menu-item-5180\"><a href=\"https:\/\/tritransportes.com.br\/novo\/icamento\/\" class=\"menu-link\">I\u00e7amento<\/a><\/li>\n<li id=\"menu-item-5182\" class=\"menu-item menu-item-type-post_type menu-item-object-page menu-item-5182\"><a href=\"https:\/\/tritransportes.com.br\/novo\/armazenagem\/\" class=\"menu-link\">Armazenagem<\/a><\/li>\n<li id=\"menu-item-5183\" class=\"menu-item menu-item-type-post_type menu-item-object-page menu-item-5183\"><a href=\"https:\/\/tritransportes.com.br\/novo\/empresa-que-fixa-cofres\/\" class=\"menu-link\">Empresa que fixa cofres<\/a><\/li>\n<li id=\"menu-item-5184\" class=\"menu-item menu-item-type-post_type menu-item-object-page menu-item-5184\"><a href=\"https:\/\/tritransportes.com.br\/novo\/aluguel-de-caminhao-munck\/\" class=\"menu-link\">Aluguel de caminh\u00e3o munck<\/a><\/li>\n<li id=\"menu-item-5186\" class=\"menu-item menu-item-type-post_type menu-item-object-page menu-item-5186\"><a href=\"https:\/\/tritransportes.com.br\/novo\/transporte-para-eventos\/\" class=\"menu-link\">Transporte para eventos<\/a><\/li>\n<li id=\"menu-item-5187\" class=\"menu-item menu-item-type-post_type menu-item-object-page menu-item-5187\"><a href=\"https:\/\/tritransportes.com.br\/novo\/transporte-de-gerador\/\" class=\"menu-link\">Transporte de gerador<\/a><\/li>\n<li id=\"menu-item-5189\" class=\"menu-item menu-item-type-post_type menu-item-object-page menu-item-5189\"><a href=\"https:\/\/tritransportes.com.br\/novo\/transportadora-24-horas\/\" class=\"menu-link\">Transportadora 24 horas<\/a><\/li>\n<li id=\"menu-item-5190\" class=\"menu-item menu-item-type-post_type menu-item-object-page menu-item-5190\"><a href=\"https:\/\/tritransportes.com.br\/novo\/tipos-de-carretas\/\" class=\"menu-link\">Tipos de carretas<\/a><\/li>\n<li id=\"menu-item-5191\" class=\"menu-item menu-item-type-post_type menu-item-object-page menu-item-5191\"><a href=\"https:\/\/tritransportes.com.br\/novo\/empresa-de-transporte-em-sao-paulo\/\" class=\"menu-link\">Empresa de transporte em S\u00e3o Paulo<\/a><\/li>\n<li id=\"menu-item-5192\" class=\"menu-item menu-item-type-post_type menu-item-object-page menu-item-5192\"><a href=\"https:\/\/tritransportes.com.br\/novo\/transporte-de-maquinas-texteis\/\" class=\"menu-link\">Transporte de m\u00e1quinas t\u00eaxteis<\/a><\/li>\n<\/ul><\/nav>\t\t\t\t<\/div>\n\t\t\t\t<\/div>\n\t\t\t\t\t<\/div>\n\t\t<\/div>\n\t\t\t\t\t<\/div>\n\t\t<\/section>\n\t\t\t\t<section class=\"elementor-section elementor-top-section elementor-element elementor-element-7ac6f75 elementor-section-boxed elementor-section-height-default elementor-section-height-default\" data-id=\"7ac6f75\" data-element_type=\"section\">\n\t\t\t\t\t\t<div class=\"elementor-container elementor-column-gap-default\">\n\t\t\t\t\t<div class=\"elementor-column elementor-col-100 elementor-top-column elementor-element elementor-element-a4c78c3\" data-id=\"a4c78c3\" data-element_type=\"column\">\n\t\t\t<div class=\"elementor-widget-wrap elementor-element-populated\">\n\t\t\t\t\t\t<div class=\"elementor-element elementor-element-83f9ecb elementor-widget elementor-widget-text-editor\" data-id=\"83f9ecb\" data-element_type=\"widget\" data-widget_type=\"text-editor.default\">\n\t\t\t\t<div class=\"elementor-widget-container\">\n\t\t\t\t\t\t\t\t\t<p>Realizamos servi\u00e7os como por exemplo:<br \/>Transporte, Remo\u00e7\u00e3o, I\u00e7amento, Armazenagem, Fixa\u00e7\u00e3o de Cofres, Fixa\u00e7\u00e3o Qu\u00edmica, Fixa\u00e7\u00e3o em Base de Concreto, Log\u00edstica, Loca\u00e7\u00e3o de Caminh\u00e3o Ba\u00fa com Plataforma Elevat\u00f3ria.<br \/>Loca\u00e7\u00e3o de Ve\u00edculos Ba\u00fa com diversas capacidades e dimens\u00f5es, Loca\u00e7\u00e3o de Caminh\u00e3o Toco com plataforma, Loca\u00e7\u00e3o de Caminh\u00e3o Truck com Plataforma.<br \/>Loca\u00e7\u00e3o de Carreta Ba\u00fa com Plataforma, Loca\u00e7\u00e3o de Caminh\u00e3o VUC, Loca\u00e7\u00e3o de Caminh\u00e3o 3\/4, Loca\u00e7\u00e3o de Caminh\u00e3o Munck, Transporte Sens\u00edvel, Transporte Pesado, Transporte de Caixa d\u2019\u00e1gua.<br \/>Al\u00e9m disso realizamos tamb\u00e9m transporte Hospitalar, Transporte de Cosm\u00e9ticos, Transporte de Eletr\u00f4nicos, Equipamentos Gr\u00e1ficos, Mudan\u00e7as Industriais, Transportes de ATM\u2019s, Transporte de Cofres, Mudan\u00e7as Comerciais.<br \/>\u00a0Transporte e Remo\u00e7\u00e3o de Equipamentos Industriais, Loca\u00e7\u00e3o de Ferramental para movimenta\u00e7\u00e3o.<br \/>I\u00e7amento de Cofres via escada, I\u00e7amento de ATM\u2019s via escada, equipamentos de Cozinha Industrial, Loca\u00e7\u00e3o de Empilhadeira.<br \/>Locamos Caminh\u00e3o Munck com Cesto A\u00e9rio \u00f9nico e Duplo ou realizamos tamb\u00e9m a loca\u00e7\u00e3o somente do Cesto A\u00e9reo\u00f9nico e\/Duplo.<br \/>Transporte de Equipamentos para Eventos, Remo\u00e7\u00e3o de Equipamentos Pesados, Remo\u00e7\u00e3o de Equipamentos Sens\u00edveis, Limpeza de Fachadas Pr\u00e9diais, Pain\u00e9is Eletr\u00f4nicos, Transporte de Conteiners.<br \/>Coletas e Entregas no Porto de Santos-SP e demais. Transporte entre CD\u2019s.<br \/>Transportamos tamb\u00e9m materiais de Usinagem, Geradores, Transformadores, No-breaks.<br \/>I\u00e7amento de Estruturas Met\u00e1licas, Podas de \u00c0rvores, Totens, Transporte de Compressores, Transporte de Viradeiras, Transporte de Mapotecas, Transporte de Extrusoras, entre muitos outros.<\/p><p>\u00a0<\/p>\t\t\t\t\t\t\t\t<\/div>\n\t\t\t\t<\/div>\n\t\t\t\t\t<\/div>\n\t\t<\/div>\n\t\t\t\t\t<\/div>\n\t\t<\/section>\n\t\t\t\t<\/div>\n\t\t","protected":false},"excerpt":{"rendered":"<p>(011) 3961-3907 Facebook Youtube Instagram Whatsapp Transporte\/ Remo\u00e7\u00e3o\/ i\u00e7amento\/ armazenagem\/ fixa\u00e7\u00e3o\/ log\u00edstica Caminh\u00e3o ba\u00fa com plataforma elevat\u00f3ria \/ munck \/ guindaste Transporte Sens\u00edvel e Pesado Caminh\u00e3o Ba\u00fa com Plataforma Elevat\u00f3ria, \u00e9 o nosso foco para o transporte sens\u00edvel e pesado.Carregando em sua bagagem anos de experi\u00eancia no ramo de Transporte Rodovi\u00e1rio a Tri Transportes hoje &hellip;<\/p>\n<p class=\"read-more\"> <a class=\"\" href=\"https:\/\/tritransportes.com.br\/novo\/servicos-2\/\"> <span class=\"screen-reader-text\">Servi\u00e7os<\/span> Leia mais &raquo;<\/a><\/p>\n","protected":false},"author":1,"featured_media":0,"parent":0,"menu_order":0,"comment_status":"closed","ping_status":"closed","template":"","meta":{"footnotes":""},"class_list":["post-5121","page","type-page","status-publish","hentry"],"yoast_head":"<!-- This site is optimized with the Yoast SEO plugin v27.2 - https:\/\/yoast.com\/product\/yoast-seo-wordpress\/ -->\n<title>Servi\u00e7os - Tri Transportes<\/title>\n<meta name=\"robots\" content=\"index, follow, max-snippet:-1, max-image-preview:large, max-video-preview:-1\" \/>\n<link rel=\"canonical\" href=\"https:\/\/tritransportes.com.br\/novo\/servicos-2\/\" \/>\n<meta property=\"og:locale\" content=\"pt_BR\" \/>\n<meta property=\"og:type\" content=\"article\" \/>\n<meta property=\"og:title\" content=\"Servi\u00e7os - Tri Transportes\" \/>\n<meta property=\"og:description\" content=\"(011) 3961-3907 Facebook Youtube Instagram Whatsapp Transporte\/ Remo\u00e7\u00e3o\/ i\u00e7amento\/ armazenagem\/ fixa\u00e7\u00e3o\/ log\u00edstica Caminh\u00e3o ba\u00fa com plataforma elevat\u00f3ria \/ munck \/ guindaste Transporte Sens\u00edvel e Pesado Caminh\u00e3o Ba\u00fa com Plataforma Elevat\u00f3ria, \u00e9 o nosso foco para o transporte sens\u00edvel e pesado.Carregando em sua bagagem anos de experi\u00eancia no ramo de Transporte Rodovi\u00e1rio a Tri Transportes hoje &hellip; Servi\u00e7os Leia mais &raquo;\" \/>\n<meta property=\"og:url\" content=\"https:\/\/tritransportes.com.br\/novo\/servicos-2\/\" \/>\n<meta property=\"og:site_name\" content=\"Tri Transportes\" \/>\n<meta property=\"article:modified_time\" content=\"2025-05-04T15:36:54+00:00\" \/>\n<meta name=\"twitter:card\" content=\"summary_large_image\" \/>\n<meta name=\"twitter:label1\" content=\"Est. tempo de leitura\" \/>\n\t<meta name=\"twitter:data1\" content=\"3 minutos\" \/>\n<script type=\"application\/ld+json\" class=\"yoast-schema-graph\">{\"@context\":\"https:\/\/schema.org\",\"@graph\":[{\"@type\":\"WebPage\",\"@id\":\"https:\/\/tritransportes.com.br\/novo\/servicos-2\/\",\"url\":\"https:\/\/tritransportes.com.br\/novo\/servicos-2\/\",\"name\":\"Servi\u00e7os - Tri Transportes\",\"isPartOf\":{\"@id\":\"https:\/\/tritransportes.com.br\/novo\/#website\"},\"datePublished\":\"2021-05-07T17:35:08+00:00\",\"dateModified\":\"2025-05-04T15:36:54+00:00\",\"breadcrumb\":{\"@id\":\"https:\/\/tritransportes.com.br\/novo\/servicos-2\/#breadcrumb\"},\"inLanguage\":\"pt-BR\",\"potentialAction\":[{\"@type\":\"ReadAction\",\"target\":[\"https:\/\/tritransportes.com.br\/novo\/servicos-2\/\"]}]},{\"@type\":\"BreadcrumbList\",\"@id\":\"https:\/\/tritransportes.com.br\/novo\/servicos-2\/#breadcrumb\",\"itemListElement\":[{\"@type\":\"ListItem\",\"position\":1,\"name\":\"In\u00edcio\",\"item\":\"https:\/\/tritransportes.com.br\/novo\/\"},{\"@type\":\"ListItem\",\"position\":2,\"name\":\"Servi\u00e7os\"}]},{\"@type\":\"WebSite\",\"@id\":\"https:\/\/tritransportes.com.br\/novo\/#website\",\"url\":\"https:\/\/tritransportes.com.br\/novo\/\",\"name\":\"Tri Transportes\",\"description\":\"Tri Transportes\",\"publisher\":{\"@id\":\"https:\/\/tritransportes.com.br\/novo\/#organization\"},\"potentialAction\":[{\"@type\":\"SearchAction\",\"target\":{\"@type\":\"EntryPoint\",\"urlTemplate\":\"https:\/\/tritransportes.com.br\/novo\/?s={search_term_string}\"},\"query-input\":{\"@type\":\"PropertyValueSpecification\",\"valueRequired\":true,\"valueName\":\"search_term_string\"}}],\"inLanguage\":\"pt-BR\"},{\"@type\":\"Organization\",\"@id\":\"https:\/\/tritransportes.com.br\/novo\/#organization\",\"name\":\"Tri Transportes\",\"url\":\"https:\/\/tritransportes.com.br\/novo\/\",\"logo\":{\"@type\":\"ImageObject\",\"inLanguage\":\"pt-BR\",\"@id\":\"https:\/\/tritransportes.com.br\/novo\/#\/schema\/logo\/image\/\",\"url\":\"https:\/\/tritransportes.com.br\/novo\/wp-content\/uploads\/2021\/05\/cropped-logopdf-1.pnggg_-1.png\",\"contentUrl\":\"https:\/\/tritransportes.com.br\/novo\/wp-content\/uploads\/2021\/05\/cropped-logopdf-1.pnggg_-1.png\",\"width\":1265,\"height\":637,\"caption\":\"Tri Transportes\"},\"image\":{\"@id\":\"https:\/\/tritransportes.com.br\/novo\/#\/schema\/logo\/image\/\"}}]}<\/script>\n<!-- \/ Yoast SEO plugin. -->","yoast_head_json":{"title":"Servi\u00e7os - Tri Transportes","robots":{"index":"index","follow":"follow","max-snippet":"max-snippet:-1","max-image-preview":"max-image-preview:large","max-video-preview":"max-video-preview:-1"},"canonical":"https:\/\/tritransportes.com.br\/novo\/servicos-2\/","og_locale":"pt_BR","og_type":"article","og_title":"Servi\u00e7os - Tri Transportes","og_description":"(011) 3961-3907 Facebook Youtube Instagram Whatsapp Transporte\/ Remo\u00e7\u00e3o\/ i\u00e7amento\/ armazenagem\/ fixa\u00e7\u00e3o\/ log\u00edstica Caminh\u00e3o ba\u00fa com plataforma elevat\u00f3ria \/ munck \/ guindaste Transporte Sens\u00edvel e Pesado Caminh\u00e3o Ba\u00fa com Plataforma Elevat\u00f3ria, \u00e9 o nosso foco para o transporte sens\u00edvel e pesado.Carregando em sua bagagem anos de experi\u00eancia no ramo de Transporte Rodovi\u00e1rio a Tri Transportes hoje &hellip; Servi\u00e7os Leia mais &raquo;","og_url":"https:\/\/tritransportes.com.br\/novo\/servicos-2\/","og_site_name":"Tri Transportes","article_modified_time":"2025-05-04T15:36:54+00:00","twitter_card":"summary_large_image","twitter_misc":{"Est. tempo de leitura":"3 minutos"},"schema":{"@context":"https:\/\/schema.org","@graph":[{"@type":"WebPage","@id":"https:\/\/tritransportes.com.br\/novo\/servicos-2\/","url":"https:\/\/tritransportes.com.br\/novo\/servicos-2\/","name":"Servi\u00e7os - Tri Transportes","isPartOf":{"@id":"https:\/\/tritransportes.com.br\/novo\/#website"},"datePublished":"2021-05-07T17:35:08+00:00","dateModified":"2025-05-04T15:36:54+00:00","breadcrumb":{"@id":"https:\/\/tritransportes.com.br\/novo\/servicos-2\/#breadcrumb"},"inLanguage":"pt-BR","potentialAction":[{"@type":"ReadAction","target":["https:\/\/tritransportes.com.br\/novo\/servicos-2\/"]}]},{"@type":"BreadcrumbList","@id":"https:\/\/tritransportes.com.br\/novo\/servicos-2\/#breadcrumb","itemListElement":[{"@type":"ListItem","position":1,"name":"In\u00edcio","item":"https:\/\/tritransportes.com.br\/novo\/"},{"@type":"ListItem","position":2,"name":"Servi\u00e7os"}]},{"@type":"WebSite","@id":"https:\/\/tritransportes.com.br\/novo\/#website","url":"https:\/\/tritransportes.com.br\/novo\/","name":"Tri Transportes","description":"Tri Transportes","publisher":{"@id":"https:\/\/tritransportes.com.br\/novo\/#organization"},"potentialAction":[{"@type":"SearchAction","target":{"@type":"EntryPoint","urlTemplate":"https:\/\/tritransportes.com.br\/novo\/?s={search_term_string}"},"query-input":{"@type":"PropertyValueSpecification","valueRequired":true,"valueName":"search_term_string"}}],"inLanguage":"pt-BR"},{"@type":"Organization","@id":"https:\/\/tritransportes.com.br\/novo\/#organization","name":"Tri Transportes","url":"https:\/\/tritransportes.com.br\/novo\/","logo":{"@type":"ImageObject","inLanguage":"pt-BR","@id":"https:\/\/tritransportes.com.br\/novo\/#\/schema\/logo\/image\/","url":"https:\/\/tritransportes.com.br\/novo\/wp-content\/uploads\/2021\/05\/cropped-logopdf-1.pnggg_-1.png","contentUrl":"https:\/\/tritransportes.com.br\/novo\/wp-content\/uploads\/2021\/05\/cropped-logopdf-1.pnggg_-1.png","width":1265,"height":637,"caption":"Tri Transportes"},"image":{"@id":"https:\/\/tritransportes.com.br\/novo\/#\/schema\/logo\/image\/"}}]}},"_links":{"self":[{"href":"https:\/\/tritransportes.com.br\/novo\/wp-json\/wp\/v2\/pages\/5121","targetHints":{"allow":["GET"]}}],"collection":[{"href":"https:\/\/tritransportes.com.br\/novo\/wp-json\/wp\/v2\/pages"}],"about":[{"href":"https:\/\/tritransportes.com.br\/novo\/wp-json\/wp\/v2\/types\/page"}],"author":[{"embeddable":true,"href":"https:\/\/tritransportes.com.br\/novo\/wp-json\/wp\/v2\/users\/1"}],"replies":[{"embeddable":true,"href":"https:\/\/tritransportes.com.br\/novo\/wp-json\/wp\/v2\/comments?post=5121"}],"version-history":[{"count":28,"href":"https:\/\/tritransportes.com.br\/novo\/wp-json\/wp\/v2\/pages\/5121\/revisions"}],"predecessor-version":[{"id":6150,"href":"https:\/\/tritransportes.com.br\/novo\/wp-json\/wp\/v2\/pages\/5121\/revisions\/6150"}],"wp:attachment":[{"href":"https:\/\/tritransportes.com.br\/novo\/wp-json\/wp\/v2\/media?parent=5121"}],"curies":[{"name":"wp","href":"https:\/\/api.w.org\/{rel}","templated":true}]}}